{"id":82,"date":"2025-04-17T12:10:36","date_gmt":"2025-04-17T12:10:36","guid":{"rendered":"https:\/\/www.studio-t.rs\/pro-demo\/?page_id=82"},"modified":"2025-04-17T12:10:38","modified_gmt":"2025-04-17T12:10:38","slug":"najcesca-pitanja","status":"publish","type":"page","link":"https:\/\/www.studio-t.rs\/pro-demo\/o-nama\/najcesca-pitanja\/","title":{"rendered":"Naj\u010de\u0161\u0107a pitanja"},"content":{"rendered":"","protected":false},"excerpt":{"rendered":"","protected":false},"author":1,"featured_media":0,"parent":72,"menu_order":0,"comment_status":"closed","ping_status":"closed","template":"","meta":{"footnotes":""},"class_list":["post-82","page","type-page","status-publish","hentry"],"acf":[],"yoast_head":"<!-- This site is optimized with the Yoast SEO plugin v26.8 - https:\/\/yoast.com\/product\/yoast-seo-wordpress\/ -->\n<title>Naj\u010de\u0161\u0107a pitanja - Dr Prodanovic<\/title>\n<meta name=\"robots\" content=\"noindex, follow, max-snippet:-1, max-image-preview:large, max-video-preview:-1\" \/>\n<meta property=\"og:locale\" content=\"sr_RS\" \/>\n<meta property=\"og:type\" content=\"article\" \/>\n<meta property=\"og:title\" content=\"Naj\u010de\u0161\u0107a pitanja - Dr Prodanovic\" \/>\n<meta property=\"og:url\" content=\"https:\/\/www.studio-t.rs\/pro-demo\/o-nama\/najcesca-pitanja\/\" \/>\n<meta property=\"og:site_name\" content=\"Dr Prodanovic\" \/>\n<meta property=\"article:publisher\" content=\"https:\/\/www.facebook.com\/drprodanovic\/\" \/>\n<meta property=\"article:modified_time\" content=\"2025-04-17T12:10:38+00:00\" \/>\n<meta name=\"twitter:card\" content=\"summary_large_image\" \/>\n<script type=\"application\/ld+json\" class=\"yoast-schema-graph\">{\"@context\":\"https:\/\/schema.org\",\"@graph\":[{\"@type\":\"WebPage\",\"@id\":\"https:\/\/www.studio-t.rs\/pro-demo\/o-nama\/najcesca-pitanja\/\",\"url\":\"https:\/\/www.studio-t.rs\/pro-demo\/o-nama\/najcesca-pitanja\/\",\"name\":\"Naj\u010de\u0161\u0107a pitanja - Dr Prodanovic\",\"isPartOf\":{\"@id\":\"https:\/\/www.studio-t.rs\/pro-demo\/#website\"},\"datePublished\":\"2025-04-17T12:10:36+00:00\",\"dateModified\":\"2025-04-17T12:10:38+00:00\",\"breadcrumb\":{\"@id\":\"https:\/\/www.studio-t.rs\/pro-demo\/o-nama\/najcesca-pitanja\/#breadcrumb\"},\"inLanguage\":\"sr-RS\",\"potentialAction\":[{\"@type\":\"ReadAction\",\"target\":[\"https:\/\/www.studio-t.rs\/pro-demo\/o-nama\/najcesca-pitanja\/\"]}]},{\"@type\":\"BreadcrumbList\",\"@id\":\"https:\/\/www.studio-t.rs\/pro-demo\/o-nama\/najcesca-pitanja\/#breadcrumb\",\"itemListElement\":[{\"@type\":\"ListItem\",\"position\":1,\"name\":\"Po\u010detna\",\"item\":\"https:\/\/www.studio-t.rs\/pro-demo\/\"},{\"@type\":\"ListItem\",\"position\":2,\"name\":\"O nama\",\"item\":\"https:\/\/www.studio-t.rs\/pro-demo\/o-nama\/\"},{\"@type\":\"ListItem\",\"position\":3,\"name\":\"Naj\u010de\u0161\u0107a pitanja\"}]},{\"@type\":\"WebSite\",\"@id\":\"https:\/\/www.studio-t.rs\/pro-demo\/#website\",\"url\":\"https:\/\/www.studio-t.rs\/pro-demo\/\",\"name\":\"Poliklinika dr Prodanovic\",\"description\":\"\",\"publisher\":{\"@id\":\"https:\/\/www.studio-t.rs\/pro-demo\/#organization\"},\"potentialAction\":[{\"@type\":\"SearchAction\",\"target\":{\"@type\":\"EntryPoint\",\"urlTemplate\":\"https:\/\/www.studio-t.rs\/pro-demo\/?s={search_term_string}\"},\"query-input\":{\"@type\":\"PropertyValueSpecification\",\"valueRequired\":true,\"valueName\":\"search_term_string\"}}],\"inLanguage\":\"sr-RS\"},{\"@type\":\"Organization\",\"@id\":\"https:\/\/www.studio-t.rs\/pro-demo\/#organization\",\"name\":\"Poliklinika dr Prodanovic\",\"url\":\"https:\/\/www.studio-t.rs\/pro-demo\/\",\"logo\":{\"@type\":\"ImageObject\",\"inLanguage\":\"sr-RS\",\"@id\":\"https:\/\/www.studio-t.rs\/pro-demo\/#\/schema\/logo\/image\/\",\"url\":\"https:\/\/www.studio-t.rs\/pro-demo\/wp-content\/uploads\/2025\/09\/logo-prodanovic.png\",\"contentUrl\":\"https:\/\/www.studio-t.rs\/pro-demo\/wp-content\/uploads\/2025\/09\/logo-prodanovic.png\",\"width\":1200,\"height\":630,\"caption\":\"Poliklinika dr Prodanovic\"},\"image\":{\"@id\":\"https:\/\/www.studio-t.rs\/pro-demo\/#\/schema\/logo\/image\/\"},\"sameAs\":[\"https:\/\/www.facebook.com\/drprodanovic\/\",\"https:\/\/www.tiktok.com\/@drprodanovic\",\"https:\/\/www.instagram.com\/dr.prodanovic\/\"]}]}<\/script>\n<!-- \/ Yoast SEO plugin. -->","yoast_head_json":{"title":"Naj\u010de\u0161\u0107a pitanja - Dr Prodanovic","robots":{"index":"noindex","follow":"follow","max-snippet":"max-snippet:-1","max-image-preview":"max-image-preview:large","max-video-preview":"max-video-preview:-1"},"og_locale":"sr_RS","og_type":"article","og_title":"Naj\u010de\u0161\u0107a pitanja - Dr Prodanovic","og_url":"https:\/\/www.studio-t.rs\/pro-demo\/o-nama\/najcesca-pitanja\/","og_site_name":"Dr Prodanovic","article_publisher":"https:\/\/www.facebook.com\/drprodanovic\/","article_modified_time":"2025-04-17T12:10:38+00:00","twitter_card":"summary_large_image","schema":{"@context":"https:\/\/schema.org","@graph":[{"@type":"WebPage","@id":"https:\/\/www.studio-t.rs\/pro-demo\/o-nama\/najcesca-pitanja\/","url":"https:\/\/www.studio-t.rs\/pro-demo\/o-nama\/najcesca-pitanja\/","name":"Naj\u010de\u0161\u0107a pitanja - Dr Prodanovic","isPartOf":{"@id":"https:\/\/www.studio-t.rs\/pro-demo\/#website"},"datePublished":"2025-04-17T12:10:36+00:00","dateModified":"2025-04-17T12:10:38+00:00","breadcrumb":{"@id":"https:\/\/www.studio-t.rs\/pro-demo\/o-nama\/najcesca-pitanja\/#breadcrumb"},"inLanguage":"sr-RS","potentialAction":[{"@type":"ReadAction","target":["https:\/\/www.studio-t.rs\/pro-demo\/o-nama\/najcesca-pitanja\/"]}]},{"@type":"BreadcrumbList","@id":"https:\/\/www.studio-t.rs\/pro-demo\/o-nama\/najcesca-pitanja\/#breadcrumb","itemListElement":[{"@type":"ListItem","position":1,"name":"Po\u010detna","item":"https:\/\/www.studio-t.rs\/pro-demo\/"},{"@type":"ListItem","position":2,"name":"O nama","item":"https:\/\/www.studio-t.rs\/pro-demo\/o-nama\/"},{"@type":"ListItem","position":3,"name":"Naj\u010de\u0161\u0107a pitanja"}]},{"@type":"WebSite","@id":"https:\/\/www.studio-t.rs\/pro-demo\/#website","url":"https:\/\/www.studio-t.rs\/pro-demo\/","name":"Poliklinika dr Prodanovic","description":"","publisher":{"@id":"https:\/\/www.studio-t.rs\/pro-demo\/#organization"},"potentialAction":[{"@type":"SearchAction","target":{"@type":"EntryPoint","urlTemplate":"https:\/\/www.studio-t.rs\/pro-demo\/?s={search_term_string}"},"query-input":{"@type":"PropertyValueSpecification","valueRequired":true,"valueName":"search_term_string"}}],"inLanguage":"sr-RS"},{"@type":"Organization","@id":"https:\/\/www.studio-t.rs\/pro-demo\/#organization","name":"Poliklinika dr Prodanovic","url":"https:\/\/www.studio-t.rs\/pro-demo\/","logo":{"@type":"ImageObject","inLanguage":"sr-RS","@id":"https:\/\/www.studio-t.rs\/pro-demo\/#\/schema\/logo\/image\/","url":"https:\/\/www.studio-t.rs\/pro-demo\/wp-content\/uploads\/2025\/09\/logo-prodanovic.png","contentUrl":"https:\/\/www.studio-t.rs\/pro-demo\/wp-content\/uploads\/2025\/09\/logo-prodanovic.png","width":1200,"height":630,"caption":"Poliklinika dr Prodanovic"},"image":{"@id":"https:\/\/www.studio-t.rs\/pro-demo\/#\/schema\/logo\/image\/"},"sameAs":["https:\/\/www.facebook.com\/drprodanovic\/","https:\/\/www.tiktok.com\/@drprodanovic","https:\/\/www.instagram.com\/dr.prodanovic\/"]}]}},"_links":{"self":[{"href":"https:\/\/www.studio-t.rs\/pro-demo\/wp-json\/wp\/v2\/pages\/82","targetHints":{"allow":["GET"]}}],"collection":[{"href":"https:\/\/www.studio-t.rs\/pro-demo\/wp-json\/wp\/v2\/pages"}],"about":[{"href":"https:\/\/www.studio-t.rs\/pro-demo\/wp-json\/wp\/v2\/types\/page"}],"author":[{"embeddable":true,"href":"https:\/\/www.studio-t.rs\/pro-demo\/wp-json\/wp\/v2\/users\/1"}],"replies":[{"embeddable":true,"href":"https:\/\/www.studio-t.rs\/pro-demo\/wp-json\/wp\/v2\/comments?post=82"}],"version-history":[{"count":0,"href":"https:\/\/www.studio-t.rs\/pro-demo\/wp-json\/wp\/v2\/pages\/82\/revisions"}],"up":[{"embeddable":true,"href":"https:\/\/www.studio-t.rs\/pro-demo\/wp-json\/wp\/v2\/pages\/72"}],"wp:attachment":[{"href":"https:\/\/www.studio-t.rs\/pro-demo\/wp-json\/wp\/v2\/media?parent=82"}],"curies":[{"name":"wp","href":"https:\/\/api.w.org\/{rel}","templated":true}]}}